{"id":6,"date":"2009-08-04T13:40:15","date_gmt":"2009-08-04T11:40:15","guid":{"rendered":"http:\/\/www.blumen-schoetz.de\/wp\/?page_id=6"},"modified":"2016-04-16T09:15:26","modified_gmt":"2016-04-16T07:15:26","slug":"team","status":"publish","type":"page","link":"https:\/\/www.blumen-schoetz.de\/?page_id=6","title":{"rendered":"Team"},"content":{"rendered":"<p>Ob Blumenstrau\u00df oder Balkonbepflanzung, Festschmuck und Blumengestecke f\u00fcr Ihre private Feier oder einen Firmen-Event, wir sind f\u00fcr Sie da.<\/p>\n<h2>Ursel H\u00f6fler<\/h2>\n<p>gelernter G\u00e4rtner, gelernte Floristin, arbeitet hier schon seit  ?immer?!.<br \/>\nSie ist seit 1999 Floristmeisterin mit Staatspreisauszeichnung und hat immer noch mehr Spa\u00df am Gestalten mit der Blume.<br \/>\nKein Wunder bei den Kollegen und ihren beiden T\u00f6chtern, Katja und Nina.<br \/>\nUrsel pr\u00fcft bei Gesellenpr\u00fcfungen bei der IHK N\u00fcrnberg. Sie wurde jetzt in den Pr\u00fcfungsausschuss der Meisterpr\u00fcfung f\u00fcr die n\u00e4chsten Jahre berufen. Sie pflegt gerne Pflanzen auch mal in gro\u00dfen Firmen, deshalb ist sie manchmal doch nicht im Laden. Ihre Hobbys sind ihre Familie, Skifahren und der Floristenfachverband Mittelfranken f\u00fcr den sie sich seit mehr als zehn Jahren ehrenamtlich engagiert. Es ist ihr wichtig den Beruf Florist mit nach vorne zu tragen.<\/p>\n<h2>Ralf H\u00f6fler<\/h2>\n<p>gelernter Schreiner und erlernter G\u00e4rtner, arbeitet seit 1991 mit uns.<br \/>\nEr macht mit Ursel\u00a0zusammen unsere Pflanzenpflegedienste und unsere Hydrokulturen. Er schreibt unsere Angebote, Rechnungen, druckt unsere Trauerschleifen und kennt sich mit allen Computern und Maschinen gut aus. Er liebt alles, was technisch ist. Sein Hobby ist Gabelstapler und Traktor fahren, ebenso  wie Skifahren und leider auch B\u00e4ume f\u00e4llen. Der Techniker der Firma. Er betreut unsere Christbaumkulturen.<\/p>\n<h2>Willi Sch\u00f6tz<\/h2>\n<p>der Mitbegr\u00fcnder dieses Betriebs und der echte, wirkliche Chef.<br \/>\nOhne ihn, seine Eltern und seine Frau Ingrid g\u00e4be es diesen Betrieb gar nicht. Seine Arbeit hat das geschaffen, was heute zu sehen ist. Sein Hobby sind seine Bienen, denn er ist mit Leib und Seele G\u00e4rtner und Imker. Er ist meistens gut gelaunt und hat immer einen Scherz parat.<\/p>\n<h2><span style=\"font-size: small;\"><span style=\"font-weight: normal; \"><span style=\"font-size: x-large;\"><span><strong>&#8230; und das Floristen-Team von Blumen-Sch\u00f6tz.<\/strong><\/span><\/span><\/span><\/span><\/h2>\n","protected":false},"excerpt":{"rendered":"<p>Ob Blumenstrau\u00df oder Balkonbepflanzung, Festschmuck und Blumengestecke f\u00fcr Ihre private Feier oder einen Firmen-Event, wir sind f\u00fcr Sie da. Ursel H\u00f6fler gelernter G\u00e4rtner, gelernte Floristin, arbeitet hier schon seit ?immer?!. Sie ist seit 1999 Floristmeisterin mit Staatspreisauszeichnung und hat immer noch mehr Spa\u00df am Gestalten mit der Blume. Kein Wunder bei den Kollegen und ihren &hellip; <\/p>\n<p class=\"link-more\"><a href=\"https:\/\/www.blumen-schoetz.de\/?page_id=6\" class=\"more-link\"><span class=\"screen-reader-text\">\u201eTeam\u201c<\/span> weiterlesen<\/a><\/p>\n","protected":false},"author":2,"featured_media":0,"parent":0,"menu_order":1,"comment_status":"open","ping_status":"open","template":"","meta":[],"_links":{"self":[{"href":"https:\/\/www.blumen-schoetz.de\/index.php?rest_route=\/wp\/v2\/pages\/6"}],"collection":[{"href":"https:\/\/www.blumen-schoetz.de\/index.php?rest_route=\/wp\/v2\/pages"}],"about":[{"href":"https:\/\/www.blumen-schoetz.de\/index.php?rest_route=\/wp\/v2\/types\/page"}],"author":[{"embeddable":true,"href":"https:\/\/www.blumen-schoetz.de\/index.php?rest_route=\/wp\/v2\/users\/2"}],"replies":[{"embeddable":true,"href":"https:\/\/www.blumen-schoetz.de\/index.php?rest_route=%2Fwp%2Fv2%2Fcomments&post=6"}],"version-history":[{"count":5,"href":"https:\/\/www.blumen-schoetz.de\/index.php?rest_route=\/wp\/v2\/pages\/6\/revisions"}],"predecessor-version":[{"id":232,"href":"https:\/\/www.blumen-schoetz.de\/index.php?rest_route=\/wp\/v2\/pages\/6\/revisions\/232"}],"wp:attachment":[{"href":"https:\/\/www.blumen-schoetz.de\/index.php?rest_route=%2Fwp%2Fv2%2Fmedia&parent=6"}],"curies":[{"name":"wp","href":"https:\/\/api.w.org\/{rel}","templated":true}]}}