{"id":12,"date":"2009-08-04T13:46:37","date_gmt":"2009-08-04T11:46:37","guid":{"rendered":"http:\/\/www.blumen-schoetz.de\/wp\/?page_id=12"},"modified":"2020-04-20T10:47:13","modified_gmt":"2020-04-20T09:47:13","slug":"lage-und-anfahrt","status":"publish","type":"page","link":"https:\/\/www.blumen-schoetz.de\/?page_id=12","title":{"rendered":"Lage und Anfahrt"},"content":{"rendered":"<p>Sie finden uns in der Hersbrucker Stra\u00dfe 23, der Hauptstrasse von Hartmannshof. Sie erkennen uns daran, dass immer sch\u00f6ne Blumen vor der T\u00fcr stehen. Parken k\u00f6nnen Sie direkt vor dem Haus. Wir freuen uns auf Sie!<\/p>\n\n\n<figure><iframe loading=\"lazy\" src=\"https:\/\/www.google.com\/maps\/embed?pb=!1m14!1m8!1m3!1d10365.4393426224!2d11.5527684!3d49.4965984!3m2!1i1024!2i768!4f13.1!3m3!1m2!1s0x0%3A0xa32787f561ce8dfe!2sBlumen%20Sch%C3%B6tz!5e0!3m2!1sde!2snl!4v1587375965943!5m2!1sde!2snl\" width=\"600\" height=\"450\" allowfullscreen=\"\"><\/iframe><\/figure>\n","protected":false},"excerpt":{"rendered":"<p>Sie finden uns in der Hersbrucker Stra\u00dfe 23, der Hauptstrasse von Hartmannshof. Sie erkennen uns daran, dass immer sch\u00f6ne Blumen vor der T\u00fcr stehen. Parken k\u00f6nnen Sie direkt vor dem Haus. Wir freuen uns auf Sie!<\/p>\n","protected":false},"author":2,"featured_media":0,"parent":0,"menu_order":20,"comment_status":"open","ping_status":"open","template":"","meta":[],"_links":{"self":[{"href":"https:\/\/www.blumen-schoetz.de\/index.php?rest_route=\/wp\/v2\/pages\/12"}],"collection":[{"href":"https:\/\/www.blumen-schoetz.de\/index.php?rest_route=\/wp\/v2\/pages"}],"about":[{"href":"https:\/\/www.blumen-schoetz.de\/index.php?rest_route=\/wp\/v2\/types\/page"}],"author":[{"embeddable":true,"href":"https:\/\/www.blumen-schoetz.de\/index.php?rest_route=\/wp\/v2\/users\/2"}],"replies":[{"embeddable":true,"href":"https:\/\/www.blumen-schoetz.de\/index.php?rest_route=%2Fwp%2Fv2%2Fcomments&post=12"}],"version-history":[{"count":3,"href":"https:\/\/www.blumen-schoetz.de\/index.php?rest_route=\/wp\/v2\/pages\/12\/revisions"}],"predecessor-version":[{"id":612,"href":"https:\/\/www.blumen-schoetz.de\/index.php?rest_route=\/wp\/v2\/pages\/12\/revisions\/612"}],"wp:attachment":[{"href":"https:\/\/www.blumen-schoetz.de\/index.php?rest_route=%2Fwp%2Fv2%2Fmedia&parent=12"}],"curies":[{"name":"wp","href":"https:\/\/api.w.org\/{rel}","templated":true}]}}